{"id":16,"date":"2026-04-21T20:28:24","date_gmt":"2026-04-21T13:28:24","guid":{"rendered":"https:\/\/555win.london\/?page_id=16"},"modified":"2026-04-21T21:08:30","modified_gmt":"2026-04-21T14:08:30","slug":"555win-link-vao-555-com-chuan-2026-tang-code-555k","status":"publish","type":"page","link":"https:\/\/555win.london\/","title":{"rendered":"555WIN \u2013 Link V\u00e0o 555.COM Chu\u1ea9n 2026 | T\u1eb6NG CODE + 555K"},"content":{"rendered":"<div class=\"slider-wrapper relative\" id=\"slider-279988176\" >\n    <div class=\"slider slider-nav-circle slider-nav-large slider-nav-light slider-style-normal\"\n        data-flickity-options='{\n            \"cellAlign\": \"center\",\n            \"imagesLoaded\": true,\n            \"lazyLoad\": 1,\n            \"freeScroll\": false,\n            \"wrapAround\": true,\n            \"autoPlay\": 6000,\n            \"pauseAutoPlayOnHover\" : true,\n            \"prevNextButtons\": true,\n            \"contain\" : true,\n            \"adaptiveHeight\" : true,\n            \"dragThreshold\" : 10,\n            \"percentPosition\": true,\n            \"pageDots\": true,\n            \"rightToLeft\": false,\n            \"draggable\": true,\n            \"selectedAttraction\": 0.1,\n            \"parallax\" : 0,\n            \"friction\": 0.6        }'\n        >\n        \n\t<div class=\"img has-hover x md-x lg-x y md-y lg-y\" id=\"image_1757395746\">\n\t\t\t\t\t\t\t\t<div class=\"img-inner dark\" >\n\t\t\t<img loading=\"lazy\" decoding=\"async\" width=\"1900\" height=\"600\" src=\"https:\/\/555win.london\/wp-content\/uploads\/2026\/04\/555win.london-banner.webp\" class=\"attachment-original size-original\" alt=\"555win\" srcset=\"https:\/\/555win.london\/wp-content\/uploads\/2026\/04\/555win.london-banner.webp 1900w, https:\/\/555win.london\/wp-content\/uploads\/2026\/04\/555win.london-banner-300x95.webp 300w, https:\/\/555win.london\/wp-content\/uploads\/2026\/04\/555win.london-banner-1024x323.webp 1024w, https:\/\/555win.london\/wp-content\/uploads\/2026\/04\/555win.london-banner-768x243.webp 768w, https:\/\/555win.london\/wp-content\/uploads\/2026\/04\/555win.london-banner-1536x485.webp 1536w\" sizes=\"auto, (max-width: 1900px) 100vw, 1900px\" \/>\t\t\t\t\t\t\n\t\t\t\t\t<\/div>\n\t\t\t\t\t\t\t\t\n<style>\n#image_1757395746 {\n  width: 100%;\n}\n<\/style>\n\t<\/div>\n\t\n     <\/div>\n\n     <div class=\"loading-spin dark large centered\"><\/div>\n\n\t<\/div>\n\n\n<div class=\"container section-title-container\" ><h1 class=\"section-title section-title-center\"><b><\/b><span class=\"section-title-main\" >555WIN \u2013 Link V\u00e0o 555.COM Chu\u1ea9n 2026 | T\u1eb6NG CODE + 555K<\/span><b><\/b><\/h1><\/div>\n<div class=\"row\"  id=\"row-1200583384\">\n\n\t<div id=\"col-1249195376\" class=\"col medium-2 small-4 large-2\"  >\n\t\t\t\t<div class=\"col-inner\"  >\n\t\t\t\n\t\t\t\n\t<div class=\"img has-hover x md-x lg-x y md-y lg-y\" id=\"image_419473078\">\n\t\t\t\t\t\t\t\t<div class=\"img-inner dark\" >\n\t\t\t<img loading=\"lazy\" decoding=\"async\" width=\"250\" height=\"350\" src=\"https:\/\/555win.london\/wp-content\/uploads\/2026\/04\/casino-2.webp\" class=\"attachment-original size-original\" alt=\"casino\" srcset=\"https:\/\/555win.london\/wp-content\/uploads\/2026\/04\/casino-2.webp 250w, https:\/\/555win.london\/wp-content\/uploads\/2026\/04\/casino-2-214x300.webp 214w\" sizes=\"auto, (max-width: 250px) 100vw, 250px\" \/>\t\t\t\t\t\t\n\t\t\t\t\t<\/div>\n\t\t\t\t\t\t\t\t\n<style>\n#image_419473078 {\n  width: 100%;\n}\n<\/style>\n\t<\/div>\n\t\n\t\t<\/div>\n\t\t\t\t\t<\/div>\n\n\t\n\n\t<div id=\"col-1397205795\" class=\"col medium-2 small-4 large-2\"  >\n\t\t\t\t<div class=\"col-inner\"  >\n\t\t\t\n\t\t\t\n\t<div class=\"img has-hover x md-x lg-x y md-y lg-y\" id=\"image_1707735610\">\n\t\t\t\t\t\t\t\t<div class=\"img-inner dark\" >\n\t\t\t<img loading=\"lazy\" decoding=\"async\" width=\"250\" height=\"350\" src=\"https:\/\/555win.london\/wp-content\/uploads\/2026\/04\/the-thao-2.webp\" class=\"attachment-original size-original\" alt=\"th\u1ec3 thao\" srcset=\"https:\/\/555win.london\/wp-content\/uploads\/2026\/04\/the-thao-2.webp 250w, https:\/\/555win.london\/wp-content\/uploads\/2026\/04\/the-thao-2-214x300.webp 214w\" sizes=\"auto, (max-width: 250px) 100vw, 250px\" \/>\t\t\t\t\t\t\n\t\t\t\t\t<\/div>\n\t\t\t\t\t\t\t\t\n<style>\n#image_1707735610 {\n  width: 100%;\n}\n<\/style>\n\t<\/div>\n\t\n\t\t<\/div>\n\t\t\t\t\t<\/div>\n\n\t\n\n\t<div id=\"col-1433134352\" class=\"col medium-2 small-4 large-2\"  >\n\t\t\t\t<div class=\"col-inner\"  >\n\t\t\t\n\t\t\t\n\t<div class=\"img has-hover x md-x lg-x y md-y lg-y\" id=\"image_986136507\">\n\t\t\t\t\t\t\t\t<div class=\"img-inner dark\" >\n\t\t\t<img loading=\"lazy\" decoding=\"async\" width=\"250\" height=\"350\" src=\"https:\/\/555win.london\/wp-content\/uploads\/2026\/04\/ban-ca-2.webp\" class=\"attachment-large size-large\" alt=\"b\u1eafn c\u00e1\" srcset=\"https:\/\/555win.london\/wp-content\/uploads\/2026\/04\/ban-ca-2.webp 250w, https:\/\/555win.london\/wp-content\/uploads\/2026\/04\/ban-ca-2-214x300.webp 214w\" sizes=\"auto, (max-width: 250px) 100vw, 250px\" \/>\t\t\t\t\t\t\n\t\t\t\t\t<\/div>\n\t\t\t\t\t\t\t\t\n<style>\n#image_986136507 {\n  width: 100%;\n}\n<\/style>\n\t<\/div>\n\t\n\t\t<\/div>\n\t\t\t\t\t<\/div>\n\n\t\n\n\t<div id=\"col-1756038799\" class=\"col medium-2 small-4 large-2\"  >\n\t\t\t\t<div class=\"col-inner\"  >\n\t\t\t\n\t\t\t\n\t<div class=\"img has-hover x md-x lg-x y md-y lg-y\" id=\"image_359433648\">\n\t\t\t\t\t\t\t\t<div class=\"img-inner dark\" >\n\t\t\t<img loading=\"lazy\" decoding=\"async\" width=\"250\" height=\"350\" src=\"https:\/\/555win.london\/wp-content\/uploads\/2026\/04\/no-hu-2.webp\" class=\"attachment-original size-original\" alt=\"n\u1ed5 h\u0169\" srcset=\"https:\/\/555win.london\/wp-content\/uploads\/2026\/04\/no-hu-2.webp 250w, https:\/\/555win.london\/wp-content\/uploads\/2026\/04\/no-hu-2-214x300.webp 214w\" sizes=\"auto, (max-width: 250px) 100vw, 250px\" \/>\t\t\t\t\t\t\n\t\t\t\t\t<\/div>\n\t\t\t\t\t\t\t\t\n<style>\n#image_359433648 {\n  width: 100%;\n}\n<\/style>\n\t<\/div>\n\t\n\t\t<\/div>\n\t\t\t\t\t<\/div>\n\n\t\n\n\t<div id=\"col-1085986536\" class=\"col medium-2 small-4 large-2\"  >\n\t\t\t\t<div class=\"col-inner\"  >\n\t\t\t\n\t\t\t\n\t<div class=\"img has-hover x md-x lg-x y md-y lg-y\" id=\"image_2050126304\">\n\t\t\t\t\t\t\t\t<div class=\"img-inner dark\" >\n\t\t\t<img loading=\"lazy\" decoding=\"async\" width=\"250\" height=\"350\" src=\"https:\/\/555win.london\/wp-content\/uploads\/2026\/04\/da-ga-2.webp\" class=\"attachment-original size-original\" alt=\"\u0111\u00e1 g\u00e0\" srcset=\"https:\/\/555win.london\/wp-content\/uploads\/2026\/04\/da-ga-2.webp 250w, https:\/\/555win.london\/wp-content\/uploads\/2026\/04\/da-ga-2-214x300.webp 214w\" sizes=\"auto, (max-width: 250px) 100vw, 250px\" \/>\t\t\t\t\t\t\n\t\t\t\t\t<\/div>\n\t\t\t\t\t\t\t\t\n<style>\n#image_2050126304 {\n  width: 100%;\n}\n<\/style>\n\t<\/div>\n\t\n\t\t<\/div>\n\t\t\t\t\t<\/div>\n\n\t\n\n\t<div id=\"col-1968254378\" class=\"col medium-2 small-4 large-2\"  >\n\t\t\t\t<div class=\"col-inner\"  >\n\t\t\t\n\t\t\t\n\t<div class=\"img has-hover x md-x lg-x y md-y lg-y\" id=\"image_858188540\">\n\t\t\t\t\t\t\t\t<div class=\"img-inner dark\" >\n\t\t\t<img loading=\"lazy\" decoding=\"async\" width=\"250\" height=\"350\" src=\"https:\/\/555win.london\/wp-content\/uploads\/2026\/04\/xo-so-2.webp\" class=\"attachment-original size-original\" alt=\"x\u1ed5 s\u1ed1\" srcset=\"https:\/\/555win.london\/wp-content\/uploads\/2026\/04\/xo-so-2.webp 250w, https:\/\/555win.london\/wp-content\/uploads\/2026\/04\/xo-so-2-214x300.webp 214w\" sizes=\"auto, (max-width: 250px) 100vw, 250px\" \/>\t\t\t\t\t\t\n\t\t\t\t\t<\/div>\n\t\t\t\t\t\t\t\t\n<style>\n#image_858188540 {\n  width: 100%;\n}\n<\/style>\n\t<\/div>\n\t\n\t\t<\/div>\n\t\t\t\t\t<\/div>\n\n\t\n<\/div>\n","protected":false},"excerpt":{"rendered":"","protected":false},"author":1,"featured_media":0,"parent":0,"menu_order":0,"comment_status":"closed","ping_status":"closed","template":"","meta":{"footnotes":""},"class_list":["post-16","page","type-page","status-publish","hentry"],"_links":{"self":[{"href":"https:\/\/555win.london\/index.php?rest_route=\/wp\/v2\/pages\/16","targetHints":{"allow":["GET"]}}],"collection":[{"href":"https:\/\/555win.london\/index.php?rest_route=\/wp\/v2\/pages"}],"about":[{"href":"https:\/\/555win.london\/index.php?rest_route=\/wp\/v2\/types\/page"}],"author":[{"embeddable":true,"href":"https:\/\/555win.london\/index.php?rest_route=\/wp\/v2\/users\/1"}],"replies":[{"embeddable":true,"href":"https:\/\/555win.london\/index.php?rest_route=%2Fwp%2Fv2%2Fcomments&post=16"}],"version-history":[{"count":4,"href":"https:\/\/555win.london\/index.php?rest_route=\/wp\/v2\/pages\/16\/revisions"}],"predecessor-version":[{"id":35,"href":"https:\/\/555win.london\/index.php?rest_route=\/wp\/v2\/pages\/16\/revisions\/35"}],"wp:attachment":[{"href":"https:\/\/555win.london\/index.php?rest_route=%2Fwp%2Fv2%2Fmedia&parent=16"}],"curies":[{"name":"wp","href":"https:\/\/api.w.org\/{rel}","templated":true}]}}